{"id":6626,"date":"2023-12-13T10:14:04","date_gmt":"2023-12-13T10:14:04","guid":{"rendered":"https:\/\/www.optimus2020.com\/accounts\/"},"modified":"2025-08-06T12:44:22","modified_gmt":"2025-08-06T12:44:22","slug":"accounts","status":"publish","type":"page","link":"https:\/\/www.optimusmis.com\/pl\/integrations\/accounts\/","title":{"rendered":"Ksi\u0119gowo\u015b\u0107"},"content":{"rendered":"","protected":false},"excerpt":{"rendered":"","protected":false},"author":1,"featured_media":0,"parent":6738,"menu_order":0,"comment_status":"closed","ping_status":"closed","template":"page-templates\/flexible.php","meta":{"_acf_changed":false,"footnotes":""},"class_list":["post-6626","page","type-page","status-publish","hentry"],"acf":[],"aioseo_notices":[],"_links":{"self":[{"href":"https:\/\/www.optimusmis.com\/pl\/wp-json\/wp\/v2\/pages\/6626","targetHints":{"allow":["GET"]}}],"collection":[{"href":"https:\/\/www.optimusmis.com\/pl\/wp-json\/wp\/v2\/pages"}],"about":[{"href":"https:\/\/www.optimusmis.com\/pl\/wp-json\/wp\/v2\/types\/page"}],"author":[{"embeddable":true,"href":"https:\/\/www.optimusmis.com\/pl\/wp-json\/wp\/v2\/users\/1"}],"replies":[{"embeddable":true,"href":"https:\/\/www.optimusmis.com\/pl\/wp-json\/wp\/v2\/comments?post=6626"}],"version-history":[{"count":10,"href":"https:\/\/www.optimusmis.com\/pl\/wp-json\/wp\/v2\/pages\/6626\/revisions"}],"predecessor-version":[{"id":16642,"href":"https:\/\/www.optimusmis.com\/pl\/wp-json\/wp\/v2\/pages\/6626\/revisions\/16642"}],"up":[{"embeddable":true,"href":"https:\/\/www.optimusmis.com\/pl\/wp-json\/wp\/v2\/pages\/6738"}],"wp:attachment":[{"href":"https:\/\/www.optimusmis.com\/pl\/wp-json\/wp\/v2\/media?parent=6626"}],"curies":[{"name":"wp","href":"https:\/\/api.w.org\/{rel}","templated":true}]}}