{"id":6746,"date":"2017-05-03T09:01:10","date_gmt":"2017-05-03T09:01:10","guid":{"rendered":"https:\/\/www.optimus2020.com\/home-2\/"},"modified":"2025-09-24T11:21:32","modified_gmt":"2025-09-24T11:21:32","slug":"home-2","status":"publish","type":"page","link":"https:\/\/www.optimusmis.com\/pl\/","title":{"rendered":"Strona g\u0142\u00f3wna"},"content":{"rendered":"<div class=\"avatar-gutter ng-tns-c3564001960-205 ng-star-inserted\">\n<div class=\"resize-observable\"><\/div>\n<\/div>\n<div class=\"response-container-content ng-tns-c3564001960-205\">\n<div class=\"response-content ng-tns-c3564001960-205\">\n<div class=\"markdown markdown-main-panel\" dir=\"ltr\">\n<p class=\"first-token\" data-sourcepos=\"1:1-1:22\">W dynamicznym \u015bwiecie, w kt\u00f3rym automatyzacja i integracja s\u0105 kluczowe dla rozwoju biznesu, zebrali\u015bmy najwa\u017cniejsze korzy\u015bci w naszym darmowym poradniku &#8222;\u0141\u0105czno\u015b\u0107&#8221;.<\/p>\n<\/div>\n<\/div>\n<\/div>\n","protected":false},"excerpt":{"rendered":"<p>W dynamicznym \u015bwiecie, w kt\u00f3rym automatyzacja i integracja s\u0105 kluczowe dla rozwoju biznesu, zebrali\u015bmy najwa\u017cniejsze korzy\u015bci w naszym darmowym poradniku &#8222;\u0141\u0105czno\u015b\u0107&#8221;.<\/p>\n","protected":false},"author":1,"featured_media":0,"parent":0,"menu_order":0,"comment_status":"closed","ping_status":"closed","template":"page-templates\/flexible.php","meta":{"_acf_changed":false,"footnotes":""},"class_list":["post-6746","page","type-page","status-publish","hentry"],"acf":[],"aioseo_notices":[],"_links":{"self":[{"href":"https:\/\/www.optimusmis.com\/pl\/wp-json\/wp\/v2\/pages\/6746","targetHints":{"allow":["GET"]}}],"collection":[{"href":"https:\/\/www.optimusmis.com\/pl\/wp-json\/wp\/v2\/pages"}],"about":[{"href":"https:\/\/www.optimusmis.com\/pl\/wp-json\/wp\/v2\/types\/page"}],"author":[{"embeddable":true,"href":"https:\/\/www.optimusmis.com\/pl\/wp-json\/wp\/v2\/users\/1"}],"replies":[{"embeddable":true,"href":"https:\/\/www.optimusmis.com\/pl\/wp-json\/wp\/v2\/comments?post=6746"}],"version-history":[{"count":29,"href":"https:\/\/www.optimusmis.com\/pl\/wp-json\/wp\/v2\/pages\/6746\/revisions"}],"predecessor-version":[{"id":19430,"href":"https:\/\/www.optimusmis.com\/pl\/wp-json\/wp\/v2\/pages\/6746\/revisions\/19430"}],"wp:attachment":[{"href":"https:\/\/www.optimusmis.com\/pl\/wp-json\/wp\/v2\/media?parent=6746"}],"curies":[{"name":"wp","href":"https:\/\/api.w.org\/{rel}","templated":true}]}}